{"id":6519,"date":"2021-01-11T15:39:25","date_gmt":"2021-01-11T14:39:25","guid":{"rendered":"https:\/\/www.corail-caraibes.com\/espace-client\/"},"modified":"2022-02-24T13:57:53","modified_gmt":"2022-02-24T12:57:53","slug":"client-area","status":"publish","type":"page","link":"https:\/\/www.corail-caraibes.com\/en\/client-area\/","title":{"rendered":"Client Area"},"content":{"rendered":"\t\t<div data-elementor-type=\"wp-page\" data-elementor-id=\"6519\" class=\"elementor elementor-6519 elementor-4880\" data-elementor-post-type=\"page\">\n\t\t\t\t\t\t<section class=\"elementor-section elementor-top-section elementor-element elementor-element-77d065e elementor-section-content-middle elementor-section-full_width auto-container elementor-section-height-default elementor-section-height-default\" data-id=\"77d065e\" data-element_type=\"section\" data-e-type=\"section\" data-settings=\"{&quot;background_background&quot;:&quot;classic&quot;}\">\n\t\t\t\t\t\t<div class=\"elementor-container elementor-column-gap-default\">\n\t\t\t\t\t<div class=\"elementor-column elementor-col-100 elementor-top-column elementor-element elementor-element-880e597\" data-id=\"880e597\" data-element_type=\"column\" data-e-type=\"column\">\n\t\t\t<div class=\"elementor-widget-wrap elementor-element-populated\">\n\t\t\t\t\t\t<div class=\"elementor-element elementor-element-707a526 elementor-widget elementor-widget-html\" data-id=\"707a526\" data-element_type=\"widget\" data-e-type=\"widget\" data-widget_type=\"html.default\">\n\t\t\t\t<div class=\"elementor-widget-container\">\n\t\t\t\t\t<iframe style=\"width: 100%;min-height: 600px;border: none;\" src=\"https:\/\/www.misterbooking.com\/module_dossier_en_ligne\/bateaux\/index.php?codeOrga=corailcaraibes&amp;langue=francais\"><\/iframe>\t\t\t\t<\/div>\n\t\t\t\t<\/div>\n\t\t\t\t\t<\/div>\n\t\t<\/div>\n\t\t\t\t\t<\/div>\n\t\t<\/section>\n\t\t\t\t<\/div>\n\t\t","protected":false},"excerpt":{"rendered":"","protected":false},"author":3,"featured_media":0,"parent":0,"menu_order":0,"comment_status":"closed","ping_status":"closed","template":"tpl-default-elementor.php","meta":{"_acf_changed":false,"footnotes":""},"class_list":["post-6519","page","type-page","status-publish","hentry"],"acf":[],"yoast_head":"<!-- This site is optimized with the Yoast SEO plugin v27.6 - https:\/\/yoast.com\/product\/yoast-seo-wordpress\/ -->\n<title>Client Area - Corail Cara\u00efbes - Location de Catamarans aux Antilles<\/title>\n<meta name=\"description\" content=\"Espace destin\u00e9 aux locataires de nos catamarans aux antilles afin d&#039;acc\u00e9der \u00e0 leur dossier de location et autres informations utiles.\" \/>\n<meta name=\"robots\" content=\"index, follow, max-snippet:-1, max-image-preview:large, max-video-preview:-1\" \/>\n<link rel=\"canonical\" href=\"https:\/\/www.corail-caraibes.com\/en\/client-area\/\" \/>\n<meta property=\"og:locale\" content=\"en_US\" \/>\n<meta property=\"og:type\" content=\"article\" \/>\n<meta property=\"og:title\" content=\"Client Area - Corail Cara\u00efbes - Location de Catamarans aux Antilles\" \/>\n<meta property=\"og:description\" content=\"Espace destin\u00e9 aux locataires de nos catamarans aux antilles afin d&#039;acc\u00e9der \u00e0 leur dossier de location et autres informations utiles.\" \/>\n<meta property=\"og:url\" content=\"https:\/\/www.corail-caraibes.com\/en\/client-area\/\" \/>\n<meta property=\"og:site_name\" content=\"Corail Cara\u00efbes\" \/>\n<meta property=\"article:modified_time\" content=\"2022-02-24T12:57:53+00:00\" \/>\n<meta name=\"twitter:card\" content=\"summary_large_image\" \/>\n<script type=\"application\/ld+json\" class=\"yoast-schema-graph\">{\"@context\":\"https:\\\/\\\/schema.org\",\"@graph\":[{\"@type\":\"WebPage\",\"@id\":\"https:\\\/\\\/www.corail-caraibes.com\\\/en\\\/client-area\\\/\",\"url\":\"https:\\\/\\\/www.corail-caraibes.com\\\/en\\\/client-area\\\/\",\"name\":\"Client Area - Corail Cara\u00efbes - Location de Catamarans aux Antilles\",\"isPartOf\":{\"@id\":\"https:\\\/\\\/www.corail-caraibes.com\\\/#website\"},\"datePublished\":\"2021-01-11T14:39:25+00:00\",\"dateModified\":\"2022-02-24T12:57:53+00:00\",\"description\":\"Espace destin\u00e9 aux locataires de nos catamarans aux antilles afin d'acc\u00e9der \u00e0 leur dossier de location et autres informations utiles.\",\"breadcrumb\":{\"@id\":\"https:\\\/\\\/www.corail-caraibes.com\\\/en\\\/client-area\\\/#breadcrumb\"},\"inLanguage\":\"en-US\",\"potentialAction\":[{\"@type\":\"ReadAction\",\"target\":[\"https:\\\/\\\/www.corail-caraibes.com\\\/en\\\/client-area\\\/\"]}]},{\"@type\":\"BreadcrumbList\",\"@id\":\"https:\\\/\\\/www.corail-caraibes.com\\\/en\\\/client-area\\\/#breadcrumb\",\"itemListElement\":[{\"@type\":\"ListItem\",\"position\":1,\"name\":\"Accueil\",\"item\":\"https:\\\/\\\/www.corail-caraibes.com\\\/en\\\/\"},{\"@type\":\"ListItem\",\"position\":2,\"name\":\"Client Area\"}]},{\"@type\":\"WebSite\",\"@id\":\"https:\\\/\\\/www.corail-caraibes.com\\\/#website\",\"url\":\"https:\\\/\\\/www.corail-caraibes.com\\\/\",\"name\":\"Corail Cara\u00efbes\",\"description\":\"Sp\u00e9cialiste de la location de bateaux catamarans aux Antilles\",\"publisher\":{\"@id\":\"https:\\\/\\\/www.corail-caraibes.com\\\/#organization\"},\"potentialAction\":[{\"@type\":\"SearchAction\",\"target\":{\"@type\":\"EntryPoint\",\"urlTemplate\":\"https:\\\/\\\/www.corail-caraibes.com\\\/?s={search_term_string}\"},\"query-input\":{\"@type\":\"PropertyValueSpecification\",\"valueRequired\":true,\"valueName\":\"search_term_string\"}}],\"inLanguage\":\"en-US\"},{\"@type\":\"Organization\",\"@id\":\"https:\\\/\\\/www.corail-caraibes.com\\\/#organization\",\"name\":\"Corail Caraibes\",\"url\":\"https:\\\/\\\/www.corail-caraibes.com\\\/\",\"logo\":{\"@type\":\"ImageObject\",\"inLanguage\":\"en-US\",\"@id\":\"https:\\\/\\\/www.corail-caraibes.com\\\/#\\\/schema\\\/logo\\\/image\\\/\",\"url\":\"\",\"contentUrl\":\"\",\"caption\":\"Corail Caraibes\"},\"image\":{\"@id\":\"https:\\\/\\\/www.corail-caraibes.com\\\/#\\\/schema\\\/logo\\\/image\\\/\"}}]}<\/script>\n<!-- \/ Yoast SEO plugin. -->","yoast_head_json":{"title":"Client Area - Corail Cara\u00efbes - Location de Catamarans aux Antilles","description":"Espace destin\u00e9 aux locataires de nos catamarans aux antilles afin d'acc\u00e9der \u00e0 leur dossier de location et autres informations utiles.","robots":{"index":"index","follow":"follow","max-snippet":"max-snippet:-1","max-image-preview":"max-image-preview:large","max-video-preview":"max-video-preview:-1"},"canonical":"https:\/\/www.corail-caraibes.com\/en\/client-area\/","og_locale":"en_US","og_type":"article","og_title":"Client Area - Corail Cara\u00efbes - Location de Catamarans aux Antilles","og_description":"Espace destin\u00e9 aux locataires de nos catamarans aux antilles afin d'acc\u00e9der \u00e0 leur dossier de location et autres informations utiles.","og_url":"https:\/\/www.corail-caraibes.com\/en\/client-area\/","og_site_name":"Corail Cara\u00efbes","article_modified_time":"2022-02-24T12:57:53+00:00","twitter_card":"summary_large_image","schema":{"@context":"https:\/\/schema.org","@graph":[{"@type":"WebPage","@id":"https:\/\/www.corail-caraibes.com\/en\/client-area\/","url":"https:\/\/www.corail-caraibes.com\/en\/client-area\/","name":"Client Area - Corail Cara\u00efbes - Location de Catamarans aux Antilles","isPartOf":{"@id":"https:\/\/www.corail-caraibes.com\/#website"},"datePublished":"2021-01-11T14:39:25+00:00","dateModified":"2022-02-24T12:57:53+00:00","description":"Espace destin\u00e9 aux locataires de nos catamarans aux antilles afin d'acc\u00e9der \u00e0 leur dossier de location et autres informations utiles.","breadcrumb":{"@id":"https:\/\/www.corail-caraibes.com\/en\/client-area\/#breadcrumb"},"inLanguage":"en-US","potentialAction":[{"@type":"ReadAction","target":["https:\/\/www.corail-caraibes.com\/en\/client-area\/"]}]},{"@type":"BreadcrumbList","@id":"https:\/\/www.corail-caraibes.com\/en\/client-area\/#breadcrumb","itemListElement":[{"@type":"ListItem","position":1,"name":"Accueil","item":"https:\/\/www.corail-caraibes.com\/en\/"},{"@type":"ListItem","position":2,"name":"Client Area"}]},{"@type":"WebSite","@id":"https:\/\/www.corail-caraibes.com\/#website","url":"https:\/\/www.corail-caraibes.com\/","name":"Corail Cara\u00efbes","description":"Sp\u00e9cialiste de la location de bateaux catamarans aux Antilles","publisher":{"@id":"https:\/\/www.corail-caraibes.com\/#organization"},"potentialAction":[{"@type":"SearchAction","target":{"@type":"EntryPoint","urlTemplate":"https:\/\/www.corail-caraibes.com\/?s={search_term_string}"},"query-input":{"@type":"PropertyValueSpecification","valueRequired":true,"valueName":"search_term_string"}}],"inLanguage":"en-US"},{"@type":"Organization","@id":"https:\/\/www.corail-caraibes.com\/#organization","name":"Corail Caraibes","url":"https:\/\/www.corail-caraibes.com\/","logo":{"@type":"ImageObject","inLanguage":"en-US","@id":"https:\/\/www.corail-caraibes.com\/#\/schema\/logo\/image\/","url":"","contentUrl":"","caption":"Corail Caraibes"},"image":{"@id":"https:\/\/www.corail-caraibes.com\/#\/schema\/logo\/image\/"}}]}},"_links":{"self":[{"href":"https:\/\/www.corail-caraibes.com\/en\/wp-json\/wp\/v2\/pages\/6519","targetHints":{"allow":["GET"]}}],"collection":[{"href":"https:\/\/www.corail-caraibes.com\/en\/wp-json\/wp\/v2\/pages"}],"about":[{"href":"https:\/\/www.corail-caraibes.com\/en\/wp-json\/wp\/v2\/types\/page"}],"author":[{"embeddable":true,"href":"https:\/\/www.corail-caraibes.com\/en\/wp-json\/wp\/v2\/users\/3"}],"replies":[{"embeddable":true,"href":"https:\/\/www.corail-caraibes.com\/en\/wp-json\/wp\/v2\/comments?post=6519"}],"version-history":[{"count":0,"href":"https:\/\/www.corail-caraibes.com\/en\/wp-json\/wp\/v2\/pages\/6519\/revisions"}],"wp:attachment":[{"href":"https:\/\/www.corail-caraibes.com\/en\/wp-json\/wp\/v2\/media?parent=6519"}],"curies":[{"name":"wp","href":"https:\/\/api.w.org\/{rel}","templated":true}]}}