{"id":6522,"date":"2020-12-30T21:57:32","date_gmt":"2020-12-30T20:57:32","guid":{"rendered":"https:\/\/www.corail-caraibes.com\/depart-de-martinique\/"},"modified":"2022-02-24T18:04:51","modified_gmt":"2022-02-24T17:04:51","slug":"departure-from-martinique","status":"publish","type":"page","link":"https:\/\/www.corail-caraibes.com\/en\/departure-from-martinique\/","title":{"rendered":"Departure from Martinique"},"content":{"rendered":"\t\t<div data-elementor-type=\"wp-page\" data-elementor-id=\"6522\" class=\"elementor elementor-6522 elementor-3287\" data-elementor-post-type=\"page\">\n\t\t\t\t\t\t<section class=\"elementor-section elementor-top-section elementor-element elementor-element-c9a2659 elementor-section-full_width auto-container elementor-section-height-default elementor-section-height-default\" data-id=\"c9a2659\" data-element_type=\"section\" data-e-type=\"section\">\n\t\t\t\t\t\t<div class=\"elementor-container elementor-column-gap-default\">\n\t\t\t\t\t<div class=\"elementor-column elementor-col-100 elementor-top-column elementor-element elementor-element-81d6ceb\" data-id=\"81d6ceb\" data-element_type=\"column\" data-e-type=\"column\">\n\t\t\t<div class=\"elementor-widget-wrap elementor-element-populated\">\n\t\t\t\t\t\t<div class=\"elementor-element elementor-element-5649b72 elementor-widget elementor-widget-text-editor\" data-id=\"5649b72\" data-element_type=\"widget\" data-e-type=\"widget\" data-widget_type=\"text-editor.default\">\n\t\t\t\t<div class=\"elementor-widget-container\">\n\t\t\t\t\t\t\t\t\t<p style=\"text-align: center;\">The Corail Caraibes itineraries will allow you to enhance your catamaran rental by offering you concrete and precise information on idyllic anchorages, exceptional sites and local Caribbean culture. Consult our available itineraries from Martinique with possible departures any day of the week.<\/p>\n<p style=\"text-align: center;\">Our teams will be able to advise you on the choice of yacht and the options to subscribe to make this trip unforgettable.<\/p>\t\t\t\t\t\t\t\t<\/div>\n\t\t\t\t<\/div>\n\t\t\t\t<div class=\"elementor-element elementor-element-1e7cc20 elementor-widget elementor-widget-archive_itineraires\" data-id=\"1e7cc20\" data-element_type=\"widget\" data-e-type=\"widget\" data-widget_type=\"archive_itineraires.default\">\n\t\t\t\t<div class=\"elementor-widget-container\">\n\t\t\t\t\t\t\t\t\n        <!--Services Section-->\n        <section class=\"services-section\">\n            <div class=\"row clearfix\">\n                        \n                        <div class=\"service-block col-lg-6 col-md-6 col-sm-12\">\n                            <div class=\"inner-box\">\n                                <div class=\"image-box\">\n                                    <a href=\"https:\/\/www.corail-caraibes.com\/en\/departure-from-martinique\/7-days-around-martinique\/\"><img fetchpriority=\"high\" decoding=\"async\" width=\"525\" height=\"700\" src=\"https:\/\/www.corail-caraibes.com\/wp-content\/uploads\/2022\/10\/3233179C-85C9-40D9-94A6-E5F19A3D66D3-768x1024.jpeg\" class=\"attachment-large size-large wp-post-image\" alt=\"\" srcset=\"https:\/\/www.corail-caraibes.com\/wp-content\/uploads\/2022\/10\/3233179C-85C9-40D9-94A6-E5F19A3D66D3-768x1024.jpeg 768w, https:\/\/www.corail-caraibes.com\/wp-content\/uploads\/2022\/10\/3233179C-85C9-40D9-94A6-E5F19A3D66D3-225x300.jpeg 225w, https:\/\/www.corail-caraibes.com\/wp-content\/uploads\/2022\/10\/3233179C-85C9-40D9-94A6-E5F19A3D66D3-1152x1536.jpeg 1152w, https:\/\/www.corail-caraibes.com\/wp-content\/uploads\/2022\/10\/3233179C-85C9-40D9-94A6-E5F19A3D66D3-1536x2048.jpeg 1536w, https:\/\/www.corail-caraibes.com\/wp-content\/uploads\/2022\/10\/3233179C-85C9-40D9-94A6-E5F19A3D66D3-525x700.jpeg 525w, https:\/\/www.corail-caraibes.com\/wp-content\/uploads\/2022\/10\/3233179C-85C9-40D9-94A6-E5F19A3D66D3-450x600.jpeg 450w, https:\/\/www.corail-caraibes.com\/wp-content\/uploads\/2022\/10\/3233179C-85C9-40D9-94A6-E5F19A3D66D3-900x1200.jpeg 900w, https:\/\/www.corail-caraibes.com\/wp-content\/uploads\/2022\/10\/3233179C-85C9-40D9-94A6-E5F19A3D66D3-scaled.jpeg 1920w\" sizes=\"(max-width: 525px) 100vw, 525px\" \/><\/a>\n                                <\/div>\n    \n                                <div class=\"lower-box\">\n                                    <div class=\"lower-content\">\n                                        <div class=\"icon-box\"><span class=\"icon flaticon-yacht-1\"><\/span><\/div>\n                                        <div class=\"cat\">Departure from Martinique<\/div>\n                                        <h2 class=\"itintitle\"><a href=\"https:\/\/www.corail-caraibes.com\/en\/departure-from-martinique\/7-days-around-martinique\/\">7 days around Martinique<\/a><\/h2>\n                                        <p class=\"exceprtitin\">Succombez aux charmes d'une croisi\u00e8re et partez \u00e0 la d\u00e9couverte de la beaut\u00e9 enivrante des Iles Grenadines<\/p>\n                                        <div class=\"link-box\">\n                                            <a href=\"https:\/\/www.corail-caraibes.com\/en\/departure-from-martinique\/7-days-around-martinique\/\" class=\"default-link\">\n                                                <span class=\"icon flaticon-logout\"><\/span> <span class=\"link-text\">Read More<\/span>\n                                            <\/a>\n                                        <\/div>\n                                    <\/div>\n                                <\/div>\n                            <\/div>\n                        <\/div>\n                        \n                        <div class=\"service-block col-lg-6 col-md-6 col-sm-12\">\n                            <div class=\"inner-box\">\n                                <div class=\"image-box\">\n                                    <a href=\"https:\/\/www.corail-caraibes.com\/en\/departure-from-martinique\/10-days-from-martinique-to-grenadines\/\"><img decoding=\"async\" width=\"525\" height=\"297\" src=\"https:\/\/www.corail-caraibes.com\/wp-content\/uploads\/2022\/02\/DRONE-2-1024x580.jpeg\" class=\"attachment-large size-large wp-post-image\" alt=\"Drone mouillage\" srcset=\"https:\/\/www.corail-caraibes.com\/wp-content\/uploads\/2022\/02\/DRONE-2-1024x580.jpeg 1024w, https:\/\/www.corail-caraibes.com\/wp-content\/uploads\/2022\/02\/DRONE-2-300x170.jpeg 300w, https:\/\/www.corail-caraibes.com\/wp-content\/uploads\/2022\/02\/DRONE-2-768x435.jpeg 768w, https:\/\/www.corail-caraibes.com\/wp-content\/uploads\/2022\/02\/DRONE-2-1536x870.jpeg 1536w, https:\/\/www.corail-caraibes.com\/wp-content\/uploads\/2022\/02\/DRONE-2-700x397.jpeg 700w, https:\/\/www.corail-caraibes.com\/wp-content\/uploads\/2022\/02\/DRONE-2-600x340.jpeg 600w, https:\/\/www.corail-caraibes.com\/wp-content\/uploads\/2022\/02\/DRONE-2-1200x680.jpeg 1200w, https:\/\/www.corail-caraibes.com\/wp-content\/uploads\/2022\/02\/DRONE-2.jpeg 1920w\" sizes=\"(max-width: 525px) 100vw, 525px\" \/><\/a>\n                                <\/div>\n    \n                                <div class=\"lower-box\">\n                                    <div class=\"lower-content\">\n                                        <div class=\"icon-box\"><span class=\"icon flaticon-yacht-1\"><\/span><\/div>\n                                        <div class=\"cat\">Departure from Martinique<\/div>\n                                        <h2 class=\"itintitle\"><a href=\"https:\/\/www.corail-caraibes.com\/en\/departure-from-martinique\/10-days-from-martinique-to-grenadines\/\">10 days from Martinique to the Grenadines<\/a><\/h2>\n                                        <p class=\"exceprtitin\">Enjoy a relaxing lazy cruise to the alluring islands of the Grenadines.<\/p>\n                                        <div class=\"link-box\">\n                                            <a href=\"https:\/\/www.corail-caraibes.com\/en\/departure-from-martinique\/10-days-from-martinique-to-grenadines\/\" class=\"default-link\">\n                                                <span class=\"icon flaticon-logout\"><\/span> <span class=\"link-text\">Read More<\/span>\n                                            <\/a>\n                                        <\/div>\n                                    <\/div>\n                                <\/div>\n                            <\/div>\n                        <\/div>\n                                            <\/div><!--End Services Carousel-->\n            <\/div>\n        <\/section>\n           \n        \t\t\t\t<\/div>\n\t\t\t\t<\/div>\n\t\t\t\t\t<\/div>\n\t\t<\/div>\n\t\t\t\t\t<\/div>\n\t\t<\/section>\n\t\t\t\t<\/div>\n\t\t","protected":false},"excerpt":{"rendered":"<p>The Corail Caraibes itineraries will allow you to enhance your catamaran rental by offering you concrete and precise information on idyllic anchorages, exceptional sites and local Caribbean culture. Consult our available itineraries from Martinique with possible departures any day of the week. Our teams will be able to advise you on the choice of yacht [&hellip;]<\/p>\n","protected":false},"author":3,"featured_media":0,"parent":0,"menu_order":0,"comment_status":"closed","ping_status":"closed","template":"tpl-default-elementor.php","meta":{"_acf_changed":false,"footnotes":""},"class_list":["post-6522","page","type-page","status-publish","hentry"],"acf":[],"yoast_head":"<!-- This site is optimized with the Yoast SEO plugin v27.3 - https:\/\/yoast.com\/product\/yoast-seo-wordpress\/ -->\n<title>Departure from Martinique - Corail Cara\u00efbes - Location de Catamarans aux Antilles<\/title>\n<meta name=\"description\" content=\"Corail Caraibes propose des itin\u00e9raires sur mesure en catamaran dans toutes les antilles, \u00e0 partir de la Martinique.\" \/>\n<meta name=\"robots\" content=\"index, follow, max-snippet:-1, max-image-preview:large, max-video-preview:-1\" \/>\n<link rel=\"canonical\" href=\"https:\/\/www.corail-caraibes.com\/en\/departure-from-martinique\/\" \/>\n<meta property=\"og:locale\" content=\"en_US\" \/>\n<meta property=\"og:type\" content=\"article\" \/>\n<meta property=\"og:title\" content=\"Departure from Martinique - Corail Cara\u00efbes - Location de Catamarans aux Antilles\" \/>\n<meta property=\"og:description\" content=\"Corail Caraibes propose des itin\u00e9raires sur mesure en catamaran dans toutes les antilles, \u00e0 partir de la Martinique.\" \/>\n<meta property=\"og:url\" content=\"https:\/\/www.corail-caraibes.com\/en\/departure-from-martinique\/\" \/>\n<meta property=\"og:site_name\" content=\"Corail Cara\u00efbes\" \/>\n<meta property=\"article:modified_time\" content=\"2022-02-24T17:04:51+00:00\" \/>\n<meta property=\"og:image\" content=\"https:\/\/www.corail-caraibes.com\/wp-content\/uploads\/2021\/01\/De-Martinique-en-Guadeloupe-J0-1024x683.jpg\" \/>\n<meta name=\"twitter:card\" content=\"summary_large_image\" \/>\n<meta name=\"twitter:label1\" content=\"Est. reading time\" \/>\n\t<meta name=\"twitter:data1\" content=\"1 minute\" \/>\n<script type=\"application\/ld+json\" class=\"yoast-schema-graph\">{\"@context\":\"https:\\\/\\\/schema.org\",\"@graph\":[{\"@type\":\"WebPage\",\"@id\":\"https:\\\/\\\/www.corail-caraibes.com\\\/en\\\/departure-from-martinique\\\/\",\"url\":\"https:\\\/\\\/www.corail-caraibes.com\\\/en\\\/departure-from-martinique\\\/\",\"name\":\"Departure from Martinique - Corail Cara\u00efbes - Location de Catamarans aux Antilles\",\"isPartOf\":{\"@id\":\"https:\\\/\\\/www.corail-caraibes.com\\\/#website\"},\"primaryImageOfPage\":{\"@id\":\"https:\\\/\\\/www.corail-caraibes.com\\\/en\\\/departure-from-martinique\\\/#primaryimage\"},\"image\":{\"@id\":\"https:\\\/\\\/www.corail-caraibes.com\\\/en\\\/departure-from-martinique\\\/#primaryimage\"},\"thumbnailUrl\":\"https:\\\/\\\/www.corail-caraibes.com\\\/wp-content\\\/uploads\\\/2021\\\/01\\\/De-Martinique-en-Guadeloupe-J0-1024x683.jpg\",\"datePublished\":\"2020-12-30T20:57:32+00:00\",\"dateModified\":\"2022-02-24T17:04:51+00:00\",\"description\":\"Corail Caraibes propose des itin\u00e9raires sur mesure en catamaran dans toutes les antilles, \u00e0 partir de la Martinique.\",\"breadcrumb\":{\"@id\":\"https:\\\/\\\/www.corail-caraibes.com\\\/en\\\/departure-from-martinique\\\/#breadcrumb\"},\"inLanguage\":\"en-US\",\"potentialAction\":[{\"@type\":\"ReadAction\",\"target\":[\"https:\\\/\\\/www.corail-caraibes.com\\\/en\\\/departure-from-martinique\\\/\"]}]},{\"@type\":\"ImageObject\",\"inLanguage\":\"en-US\",\"@id\":\"https:\\\/\\\/www.corail-caraibes.com\\\/en\\\/departure-from-martinique\\\/#primaryimage\",\"url\":\"https:\\\/\\\/www.corail-caraibes.com\\\/wp-content\\\/uploads\\\/2021\\\/01\\\/De-Martinique-en-Guadeloupe-J0-1024x683.jpg\",\"contentUrl\":\"https:\\\/\\\/www.corail-caraibes.com\\\/wp-content\\\/uploads\\\/2021\\\/01\\\/De-Martinique-en-Guadeloupe-J0-1024x683.jpg\"},{\"@type\":\"BreadcrumbList\",\"@id\":\"https:\\\/\\\/www.corail-caraibes.com\\\/en\\\/departure-from-martinique\\\/#breadcrumb\",\"itemListElement\":[{\"@type\":\"ListItem\",\"position\":1,\"name\":\"Accueil\",\"item\":\"https:\\\/\\\/www.corail-caraibes.com\\\/en\\\/\"},{\"@type\":\"ListItem\",\"position\":2,\"name\":\"Departure from Martinique\"}]},{\"@type\":\"WebSite\",\"@id\":\"https:\\\/\\\/www.corail-caraibes.com\\\/#website\",\"url\":\"https:\\\/\\\/www.corail-caraibes.com\\\/\",\"name\":\"Corail Cara\u00efbes\",\"description\":\"Sp\u00e9cialiste de la location de bateaux catamarans aux Antilles\",\"publisher\":{\"@id\":\"https:\\\/\\\/www.corail-caraibes.com\\\/#organization\"},\"potentialAction\":[{\"@type\":\"SearchAction\",\"target\":{\"@type\":\"EntryPoint\",\"urlTemplate\":\"https:\\\/\\\/www.corail-caraibes.com\\\/?s={search_term_string}\"},\"query-input\":{\"@type\":\"PropertyValueSpecification\",\"valueRequired\":true,\"valueName\":\"search_term_string\"}}],\"inLanguage\":\"en-US\"},{\"@type\":\"Organization\",\"@id\":\"https:\\\/\\\/www.corail-caraibes.com\\\/#organization\",\"name\":\"Corail Caraibes\",\"url\":\"https:\\\/\\\/www.corail-caraibes.com\\\/\",\"logo\":{\"@type\":\"ImageObject\",\"inLanguage\":\"en-US\",\"@id\":\"https:\\\/\\\/www.corail-caraibes.com\\\/#\\\/schema\\\/logo\\\/image\\\/\",\"url\":\"\",\"contentUrl\":\"\",\"caption\":\"Corail Caraibes\"},\"image\":{\"@id\":\"https:\\\/\\\/www.corail-caraibes.com\\\/#\\\/schema\\\/logo\\\/image\\\/\"}}]}<\/script>\n<!-- \/ Yoast SEO plugin. -->","yoast_head_json":{"title":"Departure from Martinique - Corail Cara\u00efbes - Location de Catamarans aux Antilles","description":"Corail Caraibes propose des itin\u00e9raires sur mesure en catamaran dans toutes les antilles, \u00e0 partir de la Martinique.","robots":{"index":"index","follow":"follow","max-snippet":"max-snippet:-1","max-image-preview":"max-image-preview:large","max-video-preview":"max-video-preview:-1"},"canonical":"https:\/\/www.corail-caraibes.com\/en\/departure-from-martinique\/","og_locale":"en_US","og_type":"article","og_title":"Departure from Martinique - Corail Cara\u00efbes - Location de Catamarans aux Antilles","og_description":"Corail Caraibes propose des itin\u00e9raires sur mesure en catamaran dans toutes les antilles, \u00e0 partir de la Martinique.","og_url":"https:\/\/www.corail-caraibes.com\/en\/departure-from-martinique\/","og_site_name":"Corail Cara\u00efbes","article_modified_time":"2022-02-24T17:04:51+00:00","og_image":[{"url":"https:\/\/www.corail-caraibes.com\/wp-content\/uploads\/2021\/01\/De-Martinique-en-Guadeloupe-J0-1024x683.jpg","type":"","width":"","height":""}],"twitter_card":"summary_large_image","twitter_misc":{"Est. reading time":"1 minute"},"schema":{"@context":"https:\/\/schema.org","@graph":[{"@type":"WebPage","@id":"https:\/\/www.corail-caraibes.com\/en\/departure-from-martinique\/","url":"https:\/\/www.corail-caraibes.com\/en\/departure-from-martinique\/","name":"Departure from Martinique - Corail Cara\u00efbes - Location de Catamarans aux Antilles","isPartOf":{"@id":"https:\/\/www.corail-caraibes.com\/#website"},"primaryImageOfPage":{"@id":"https:\/\/www.corail-caraibes.com\/en\/departure-from-martinique\/#primaryimage"},"image":{"@id":"https:\/\/www.corail-caraibes.com\/en\/departure-from-martinique\/#primaryimage"},"thumbnailUrl":"https:\/\/www.corail-caraibes.com\/wp-content\/uploads\/2021\/01\/De-Martinique-en-Guadeloupe-J0-1024x683.jpg","datePublished":"2020-12-30T20:57:32+00:00","dateModified":"2022-02-24T17:04:51+00:00","description":"Corail Caraibes propose des itin\u00e9raires sur mesure en catamaran dans toutes les antilles, \u00e0 partir de la Martinique.","breadcrumb":{"@id":"https:\/\/www.corail-caraibes.com\/en\/departure-from-martinique\/#breadcrumb"},"inLanguage":"en-US","potentialAction":[{"@type":"ReadAction","target":["https:\/\/www.corail-caraibes.com\/en\/departure-from-martinique\/"]}]},{"@type":"ImageObject","inLanguage":"en-US","@id":"https:\/\/www.corail-caraibes.com\/en\/departure-from-martinique\/#primaryimage","url":"https:\/\/www.corail-caraibes.com\/wp-content\/uploads\/2021\/01\/De-Martinique-en-Guadeloupe-J0-1024x683.jpg","contentUrl":"https:\/\/www.corail-caraibes.com\/wp-content\/uploads\/2021\/01\/De-Martinique-en-Guadeloupe-J0-1024x683.jpg"},{"@type":"BreadcrumbList","@id":"https:\/\/www.corail-caraibes.com\/en\/departure-from-martinique\/#breadcrumb","itemListElement":[{"@type":"ListItem","position":1,"name":"Accueil","item":"https:\/\/www.corail-caraibes.com\/en\/"},{"@type":"ListItem","position":2,"name":"Departure from Martinique"}]},{"@type":"WebSite","@id":"https:\/\/www.corail-caraibes.com\/#website","url":"https:\/\/www.corail-caraibes.com\/","name":"Corail Cara\u00efbes","description":"Sp\u00e9cialiste de la location de bateaux catamarans aux Antilles","publisher":{"@id":"https:\/\/www.corail-caraibes.com\/#organization"},"potentialAction":[{"@type":"SearchAction","target":{"@type":"EntryPoint","urlTemplate":"https:\/\/www.corail-caraibes.com\/?s={search_term_string}"},"query-input":{"@type":"PropertyValueSpecification","valueRequired":true,"valueName":"search_term_string"}}],"inLanguage":"en-US"},{"@type":"Organization","@id":"https:\/\/www.corail-caraibes.com\/#organization","name":"Corail Caraibes","url":"https:\/\/www.corail-caraibes.com\/","logo":{"@type":"ImageObject","inLanguage":"en-US","@id":"https:\/\/www.corail-caraibes.com\/#\/schema\/logo\/image\/","url":"","contentUrl":"","caption":"Corail Caraibes"},"image":{"@id":"https:\/\/www.corail-caraibes.com\/#\/schema\/logo\/image\/"}}]}},"_links":{"self":[{"href":"https:\/\/www.corail-caraibes.com\/en\/wp-json\/wp\/v2\/pages\/6522","targetHints":{"allow":["GET"]}}],"collection":[{"href":"https:\/\/www.corail-caraibes.com\/en\/wp-json\/wp\/v2\/pages"}],"about":[{"href":"https:\/\/www.corail-caraibes.com\/en\/wp-json\/wp\/v2\/types\/page"}],"author":[{"embeddable":true,"href":"https:\/\/www.corail-caraibes.com\/en\/wp-json\/wp\/v2\/users\/3"}],"replies":[{"embeddable":true,"href":"https:\/\/www.corail-caraibes.com\/en\/wp-json\/wp\/v2\/comments?post=6522"}],"version-history":[{"count":0,"href":"https:\/\/www.corail-caraibes.com\/en\/wp-json\/wp\/v2\/pages\/6522\/revisions"}],"wp:attachment":[{"href":"https:\/\/www.corail-caraibes.com\/en\/wp-json\/wp\/v2\/media?parent=6522"}],"curies":[{"name":"wp","href":"https:\/\/api.w.org\/{rel}","templated":true}]}}